{"id":171,"date":"2014-05-06T15:32:44","date_gmt":"2014-05-06T15:32:44","guid":{"rendered":"http:\/\/www.morganacosplay.com\/?page_id=171"},"modified":"2018-03-27T10:32:27","modified_gmt":"2018-03-27T10:32:27","slug":"contacto","status":"publish","type":"page","link":"http:\/\/www.morganacosplay.com\/es_ES\/contacto\/","title":{"rendered":"Contacto"},"content":{"rendered":"<p>Aqu\u00ed podr\u00e9is poneros en contacto directo conmigo, o pod\u00e9is mandarme un mail a: <strong>morgana@morganacosplay.com<\/strong><\/p>\n<p>&nbsp;<\/p>\n<div id='contact-form-171'>\n<form action='http:\/\/www.morganacosplay.com\/es_ES\/contacto\/#contact-form-171' method='post' class='contact-form commentsblock'>\n<script>\n\t\t\t( function () {\n\t\t\t\tconst contact_forms = document.getElementsByClassName('contact-form');\n\n\t\t\t\tfor ( const form of contact_forms ) {\n\t\t\t\t\tform.onsubmit = function() {\n\t\t\t\t\t\tconst buttons = form.getElementsByTagName('button');\n\n\t\t\t\t\t\tfor( const button of buttons ) {\n\t\t\t\t\t\t\tbutton.setAttribute('disabled', true);\n\t\t\t\t\t\t}\n\t\t\t\t\t}\n\t\t\t\t}\n\t\t\t} )();\n\t\t<\/script>\n<div class='grunion-field-wrap grunion-field-name-wrap'  >\n<label\n\t\t\t\tfor='g171-name'\n\t\t\t\tclass='grunion-field-label name'\n\t\t\t\t>Name<span>(obligatorio)<\/span><\/label>\n<input\n\t\t\t\t\ttype='text'\n\t\t\t\t\tname='g171-name'\n\t\t\t\t\tid='g171-name'\n\t\t\t\t\tvalue=''\n\t\t\t\t\tclass='name' \n\t\t\t\t\trequired aria-required='true'\n\t\t\t\t\/>\n\t<\/div>\n\n<div class='grunion-field-wrap grunion-field-email-wrap'  >\n<label\n\t\t\t\tfor='g171-email'\n\t\t\t\tclass='grunion-field-label email'\n\t\t\t\t>E-mail<span>(obligatorio)<\/span><\/label>\n<input\n\t\t\t\t\ttype='email'\n\t\t\t\t\tname='g171-email'\n\t\t\t\t\tid='g171-email'\n\t\t\t\t\tvalue=''\n\t\t\t\t\tclass='email' \n\t\t\t\t\trequired aria-required='true'\n\t\t\t\t\/>\n\t<\/div>\n\n<div class='grunion-field-wrap grunion-field-url-wrap'  >\n<label\n\t\t\t\tfor='g171-website'\n\t\t\t\tclass='grunion-field-label url'\n\t\t\t\t>Website<\/label>\n<input\n\t\t\t\t\ttype='url'\n\t\t\t\t\tname='g171-website'\n\t\t\t\t\tid='g171-website'\n\t\t\t\t\tvalue=''\n\t\t\t\t\tclass='url' \n\t\t\t\t\t\n\t\t\t\t\/>\n\t<\/div>\n\n<div class='grunion-field-wrap grunion-field-textarea-wrap'  >\n<label\n\t\t\t\tfor='contact-form-comment-g171-comments'\n\t\t\t\tclass='grunion-field-label textarea'\n\t\t\t\t>Comments<span>(obligatorio)<\/span><\/label>\n<textarea\n\t\t                name='g171-comments'\n\t\t                id='contact-form-comment-g171-comments'\n\t\t                rows='20' class='textarea'  required aria-required='true'><\/textarea>\n\t<\/div>\n\t<p class='contact-submit'>\n\t\t<button type='submit' class='pushbutton-wide'>Enviar<\/button>\t\t<input type='hidden' name='contact-form-id' value='171' \/>\n\t\t<input type='hidden' name='action' value='grunion-contact-form' \/>\n\t\t<input type='hidden' name='contact-form-hash' value='5b1bd62f0fa1da142017bd72e144c48f2f9da277' \/>\n\t<\/p>\n<p style=\"display: none !important;\"><label>&#916;<textarea name=\"ak_hp_textarea\" cols=\"45\" rows=\"8\" maxlength=\"100\"><\/textarea><\/label><input type=\"hidden\" id=\"ak_js_1\" name=\"ak_js\" value=\"111\"\/><script>document.getElementById( \"ak_js_1\" ).setAttribute( \"value\", ( new Date() ).getTime() );<\/script><\/p><\/form>\n<\/div>\n","protected":false},"excerpt":{"rendered":"<p>Aqu\u00ed podr\u00e9is poneros en contacto directo conmigo, o pod\u00e9is mandarme un mail a: <strong>morgana@morganacosplay.com<\/strong><\/p>\n<p>&nbsp;<\/p>\n<p>[contact-form][contact-field label='Name' type='name' required='1'\/][contact-field label=&#8217;E-mail&#8217; type=&#8217;email&#8217; req&#8230;<\/p>\n","protected":false},"author":1,"featured_media":0,"parent":0,"menu_order":0,"comment_status":"closed","ping_status":"open","template":"","meta":{"ngg_post_thumbnail":0,"jetpack_post_was_ever_published":false},"yoast_head":"<!-- This site is optimized with the Yoast SEO plugin v19.7.2 - https:\/\/yoast.com\/wordpress\/plugins\/seo\/ -->\n<title>Contacto - Morgana Cosplay<\/title>\n<meta name=\"robots\" content=\"index, follow, max-snippet:-1, max-image-preview:large, max-video-preview:-1\" \/>\n<link rel=\"canonical\" href=\"http:\/\/www.morganacosplay.com\/es_ES\/contacto\/\" \/>\n<meta property=\"og:locale\" content=\"es_ES\" \/>\n<meta property=\"og:type\" content=\"article\" \/>\n<meta property=\"og:title\" content=\"Contacto - Morgana Cosplay\" \/>\n<meta property=\"og:description\" content=\"Aqu\u00ed podr\u00e9is poneros en contacto directo conmigo, o pod\u00e9is mandarme un mail a: morgana@morganacosplay.com  &nbsp;  [contact-field label=&#039;E-mail&#039; type=&#039;email&#039; req...\" \/>\n<meta property=\"og:url\" content=\"http:\/\/www.morganacosplay.com\/es_ES\/contacto\/\" \/>\n<meta property=\"og:site_name\" content=\"Morgana Cosplay\" \/>\n<meta property=\"article:publisher\" content=\"http:\/\/facebook.com\/MorganaCosplaySpain\" \/>\n<meta property=\"article:modified_time\" content=\"2018-03-27T10:32:27+00:00\" \/>\n<meta property=\"og:image\" content=\"http:\/\/www.morganacosplay.com\/wp-content\/uploads\/2016\/11\/18047254612422159724.jpg\" \/>\n\t<meta property=\"og:image:width\" content=\"1001\" \/>\n\t<meta property=\"og:image:height\" content=\"1500\" \/>\n\t<meta property=\"og:image:type\" content=\"image\/jpeg\" \/>\n<meta name=\"twitter:card\" content=\"summary_large_image\" \/>\n<meta name=\"twitter:site\" content=\"@MorganaCosplay\" \/>\n<script type=\"application\/ld+json\" class=\"yoast-schema-graph\">{\"@context\":\"https:\/\/schema.org\",\"@graph\":[{\"@type\":\"WebPage\",\"@id\":\"http:\/\/www.morganacosplay.com\/es_ES\/contacto\/\",\"url\":\"http:\/\/www.morganacosplay.com\/es_ES\/contacto\/\",\"name\":\"Contacto - Morgana Cosplay\",\"isPartOf\":{\"@id\":\"http:\/\/www.morganacosplay.com\/es_ES\/#website\"},\"datePublished\":\"2014-05-06T15:32:44+00:00\",\"dateModified\":\"2018-03-27T10:32:27+00:00\",\"breadcrumb\":{\"@id\":\"http:\/\/www.morganacosplay.com\/es_ES\/contacto\/#breadcrumb\"},\"inLanguage\":\"es\",\"potentialAction\":[{\"@type\":\"ReadAction\",\"target\":[\"http:\/\/www.morganacosplay.com\/es_ES\/contacto\/\"]}]},{\"@type\":\"BreadcrumbList\",\"@id\":\"http:\/\/www.morganacosplay.com\/es_ES\/contacto\/#breadcrumb\",\"itemListElement\":[{\"@type\":\"ListItem\",\"position\":1,\"name\":\"Portada\",\"item\":\"http:\/\/www.morganacosplay.com\/es_ES\/\"},{\"@type\":\"ListItem\",\"position\":2,\"name\":\"Contacto\"}]},{\"@type\":\"WebSite\",\"@id\":\"http:\/\/www.morganacosplay.com\/es_ES\/#website\",\"url\":\"http:\/\/www.morganacosplay.com\/es_ES\/\",\"name\":\"Morgana Cosplay\",\"description\":\"Professional Cosplayer\",\"publisher\":{\"@id\":\"http:\/\/www.morganacosplay.com\/es_ES\/#organization\"},\"potentialAction\":[{\"@type\":\"SearchAction\",\"target\":{\"@type\":\"EntryPoint\",\"urlTemplate\":\"http:\/\/www.morganacosplay.com\/es_ES\/?s={search_term_string}\"},\"query-input\":\"required name=search_term_string\"}],\"inLanguage\":\"es\"},{\"@type\":\"Organization\",\"@id\":\"http:\/\/www.morganacosplay.com\/es_ES\/#organization\",\"name\":\"Morgana Cosplay\",\"url\":\"http:\/\/www.morganacosplay.com\/es_ES\/\",\"sameAs\":[\"https:\/\/www.instagram.com\/morganacosplay\/\",\"http:\/\/youtube.com\/morganacosplay\",\"http:\/\/facebook.com\/MorganaCosplaySpain\",\"https:\/\/twitter.com\/MorganaCosplay\"],\"logo\":{\"@type\":\"ImageObject\",\"inLanguage\":\"es\",\"@id\":\"http:\/\/www.morganacosplay.com\/es_ES\/#\/schema\/logo\/image\/\",\"url\":\"http:\/\/www.morganacosplay.com\/wp-content\/uploads\/2016\/08\/MorganaCosplayNoFondo-1.png\",\"contentUrl\":\"http:\/\/www.morganacosplay.com\/wp-content\/uploads\/2016\/08\/MorganaCosplayNoFondo-1.png\",\"width\":350,\"height\":99,\"caption\":\"Morgana Cosplay\"},\"image\":{\"@id\":\"http:\/\/www.morganacosplay.com\/es_ES\/#\/schema\/logo\/image\/\"}}]}<\/script>\n<!-- \/ Yoast SEO plugin. -->","yoast_head_json":{"title":"Contacto - Morgana Cosplay","robots":{"index":"index","follow":"follow","max-snippet":"max-snippet:-1","max-image-preview":"max-image-preview:large","max-video-preview":"max-video-preview:-1"},"canonical":"http:\/\/www.morganacosplay.com\/es_ES\/contacto\/","og_locale":"es_ES","og_type":"article","og_title":"Contacto - Morgana Cosplay","og_description":"Aqu\u00ed podr\u00e9is poneros en contacto directo conmigo, o pod\u00e9is mandarme un mail a: morgana@morganacosplay.com  &nbsp;  [contact-field label='E-mail' type='email' req...","og_url":"http:\/\/www.morganacosplay.com\/es_ES\/contacto\/","og_site_name":"Morgana Cosplay","article_publisher":"http:\/\/facebook.com\/MorganaCosplaySpain","article_modified_time":"2018-03-27T10:32:27+00:00","og_image":[{"width":1001,"height":1500,"url":"http:\/\/www.morganacosplay.com\/wp-content\/uploads\/2016\/11\/18047254612422159724.jpg","type":"image\/jpeg"}],"twitter_card":"summary_large_image","twitter_site":"@MorganaCosplay","schema":{"@context":"https:\/\/schema.org","@graph":[{"@type":"WebPage","@id":"http:\/\/www.morganacosplay.com\/es_ES\/contacto\/","url":"http:\/\/www.morganacosplay.com\/es_ES\/contacto\/","name":"Contacto - Morgana Cosplay","isPartOf":{"@id":"http:\/\/www.morganacosplay.com\/es_ES\/#website"},"datePublished":"2014-05-06T15:32:44+00:00","dateModified":"2018-03-27T10:32:27+00:00","breadcrumb":{"@id":"http:\/\/www.morganacosplay.com\/es_ES\/contacto\/#breadcrumb"},"inLanguage":"es","potentialAction":[{"@type":"ReadAction","target":["http:\/\/www.morganacosplay.com\/es_ES\/contacto\/"]}]},{"@type":"BreadcrumbList","@id":"http:\/\/www.morganacosplay.com\/es_ES\/contacto\/#breadcrumb","itemListElement":[{"@type":"ListItem","position":1,"name":"Portada","item":"http:\/\/www.morganacosplay.com\/es_ES\/"},{"@type":"ListItem","position":2,"name":"Contacto"}]},{"@type":"WebSite","@id":"http:\/\/www.morganacosplay.com\/es_ES\/#website","url":"http:\/\/www.morganacosplay.com\/es_ES\/","name":"Morgana Cosplay","description":"Professional Cosplayer","publisher":{"@id":"http:\/\/www.morganacosplay.com\/es_ES\/#organization"},"potentialAction":[{"@type":"SearchAction","target":{"@type":"EntryPoint","urlTemplate":"http:\/\/www.morganacosplay.com\/es_ES\/?s={search_term_string}"},"query-input":"required name=search_term_string"}],"inLanguage":"es"},{"@type":"Organization","@id":"http:\/\/www.morganacosplay.com\/es_ES\/#organization","name":"Morgana Cosplay","url":"http:\/\/www.morganacosplay.com\/es_ES\/","sameAs":["https:\/\/www.instagram.com\/morganacosplay\/","http:\/\/youtube.com\/morganacosplay","http:\/\/facebook.com\/MorganaCosplaySpain","https:\/\/twitter.com\/MorganaCosplay"],"logo":{"@type":"ImageObject","inLanguage":"es","@id":"http:\/\/www.morganacosplay.com\/es_ES\/#\/schema\/logo\/image\/","url":"http:\/\/www.morganacosplay.com\/wp-content\/uploads\/2016\/08\/MorganaCosplayNoFondo-1.png","contentUrl":"http:\/\/www.morganacosplay.com\/wp-content\/uploads\/2016\/08\/MorganaCosplayNoFondo-1.png","width":350,"height":99,"caption":"Morgana Cosplay"},"image":{"@id":"http:\/\/www.morganacosplay.com\/es_ES\/#\/schema\/logo\/image\/"}}]}},"jetpack_sharing_enabled":true,"jetpack_shortlink":"https:\/\/wp.me\/P4BLbe-2L","_links":{"self":[{"href":"http:\/\/www.morganacosplay.com\/es_ES\/wp-json\/wp\/v2\/pages\/171"}],"collection":[{"href":"http:\/\/www.morganacosplay.com\/es_ES\/wp-json\/wp\/v2\/pages"}],"about":[{"href":"http:\/\/www.morganacosplay.com\/es_ES\/wp-json\/wp\/v2\/types\/page"}],"author":[{"embeddable":true,"href":"http:\/\/www.morganacosplay.com\/es_ES\/wp-json\/wp\/v2\/users\/1"}],"replies":[{"embeddable":true,"href":"http:\/\/www.morganacosplay.com\/es_ES\/wp-json\/wp\/v2\/comments?post=171"}],"version-history":[{"count":3,"href":"http:\/\/www.morganacosplay.com\/es_ES\/wp-json\/wp\/v2\/pages\/171\/revisions"}],"predecessor-version":[{"id":3892,"href":"http:\/\/www.morganacosplay.com\/es_ES\/wp-json\/wp\/v2\/pages\/171\/revisions\/3892"}],"wp:attachment":[{"href":"http:\/\/www.morganacosplay.com\/es_ES\/wp-json\/wp\/v2\/media?parent=171"}],"curies":[{"name":"wp","href":"https:\/\/api.w.org\/{rel}","templated":true}]}}